{"id":918,"date":"2018-06-01T12:46:25","date_gmt":"2018-06-01T11:46:25","guid":{"rendered":"http:\/\/juventudynazaret.es\/wp\/?page_id=918"},"modified":"2021-10-20T16:12:17","modified_gmt":"2021-10-20T14:12:17","slug":"politica-de-privacidad-de-datos","status":"publish","type":"page","link":"https:\/\/juventudynazaret.es\/wp\/politica-de-privacidad-de-datos\/","title":{"rendered":"POLITICA DE PRIVACIDAD DE DATOS"},"content":{"rendered":"<p>Informaci\u00f3n del titular de la web<br \/>\nHERMANDAD DE LA JUVENTUD con domicilio en C\/ ARCIPRESTE FERN\u00c1NDEZ CASADO, 7,<br \/>\nMONTILLA (C\u00d3RDOBA), 14550 y mail de comunicaciones HERMANDAD@JUVENTUDYNAZARET.ES.<\/p>\n<p>Responsable de protecci\u00f3n de datos<br \/>\nEl titular es el responsable de los datos personales que son recabados por la navegaci\u00f3n y uso de esta<br \/>\nweb conforme a los requisitos establecidos por el REGLAMENTO (UE) 2016\/679 relativo a la protecci\u00f3n<br \/>\nde datos de las personas f\u00edsicas as\u00ed como conforme a la Ley 34\/2002 de 11 de julio de Servicios de<br \/>\nla Sociedad de la Informaci\u00f3n y del Comercio Electr\u00f3nico (LSSI-CE) .<br \/>\nAl utilizar este sitio web entendemos que ha le\u00eddo y comprendido la informaci\u00f3n que se expone en<br \/>\nrelaci\u00f3n con el tratamiento de sus datos de car\u00e1cter personal.<br \/>\nPol\u00edtica de protecci\u00f3n de datos<br \/>\nEl responsable aplica el principio de responsabilidad activa en el tratamiento de los datos de car\u00e1cter<br \/>\npersonal, manteniendo una constante puesta al d\u00eda y una promoci\u00f3n de la mejora continua del sistema<br \/>\nde protecci\u00f3n de datos conforme a los requisitos legales exigibles, garantizando en todo caso:<br \/>\n* el respeto a las libertades y los derechos fundamentales de las personas f\u00edsicas<br \/>\n* que los datos son tratados de manera l\u00edcita, leal y transparente<br \/>\n* que los datos tratados son exactos, adecuados, pertinentes y limitados en relaci\u00f3n con los fines para los<br \/>\nque son recogidos<br \/>\n* que los fines para los que son recogidos son expl\u00edcitos y leg\u00edtimos y que no son tratados de manera<br \/>\nincompatible con dichos fines<br \/>\nLa finalidad de este documento es informar a los usuarios sobre qu\u00e9 hacemos con sus datos personales,<br \/>\nc\u00f3mo se recaban, para qu\u00e9 se utilizan, los derechos que les asisten as\u00ed como toda la informaci\u00f3n<br \/>\nlegal necesaria establecida por la normativa vigente.<br \/>\nDatos recabados, finalidad y licitud<br \/>\nLos datos de car\u00e1cter personal tratados son los aportados por los usuarios a trav\u00e9s de los formularios<br \/>\ndisponibles en este sitio web y son los m\u00ednimos exigibles para poder:<br \/>\n*enviarle informaci\u00f3n sobre nuestros productos \/ servicios<br \/>\n*atender consultas.<br \/>\nPol\u00edtica de privacidad de HERMANDAD DE LA JUVENTUD<\/p>\n<p>*tramitar pedidos, as\u00ed como poder elaborar las facturas correspondientes, informar sobre el estado de los<br \/>\npedidos, atender reclamaciones y cualquier otra gesti\u00f3n derivada de la prestaci\u00f3n del servicio realizado a<br \/>\ntrav\u00e9s de este sitio web.<br \/>\nDichas finalidades est\u00e1n basadas en principios legales de tratamiento de los datos recogidos por la<br \/>\nnormativa vigente: para la ejecuci\u00f3n de un contrato o la prestaci\u00f3n de un servicio a los usuarios, para el<br \/>\ncumplimiento de obligaciones legales, por el inter\u00e9s leg\u00edtimo y con el consentimiento de los usuarios.<br \/>\nFormularios web<br \/>\nLos datos personales recabados a trav\u00e9s del formulario web de contacto se usan para poder atender<br \/>\ncualquier consulta que el usuario realice a trav\u00e9s del mismo.<br \/>\nLos datos personales recabados en el formulario de pedidos tienen la finalidad de tratar los datos<br \/>\nnecesarios para la correcta gesti\u00f3n de sus pedidos.<br \/>\nEl tratamiento de los datos est\u00e1 legitimado por el consentimiento que usted nos presta al aceptar<br \/>\nexpresamente las condiciones del tratamiento informadas a trav\u00e9s de esta pol\u00edtica de privacidad.<br \/>\nDestinatarios de los datos<br \/>\nLos datos de car\u00e1cter personal obtenidos a trav\u00e9s de los formularios web son registrados y conservados<br \/>\nen soportes electr\u00f3nicos controlados y supervisados por el responsable del tratamiento.<br \/>\nSus datos personales no ser\u00e1n comunicados a terceros, con la salvedad de que dicha comunicaci\u00f3n de<br \/>\ndatos est\u00e9 amparada en una obligaci\u00f3n legal o cuando para la correcta prestaci\u00f3n del servicio o la<br \/>\nejecuci\u00f3n del contrato sea necesario comunicar sus datos a terceros para poder efectuar el pago<br \/>\n(pasarelas de pago), as\u00ed como gestionar las entregas de los productos (transportistas) amparada dicha<br \/>\ncesi\u00f3n en las necesidades del servicio. Pago mediante otras pasarelas de pago, recomendamos al<br \/>\nusuario que le la pol\u00edtica de privacidad para entender c\u00f3mo maneja la informaci\u00f3n personal, por<br \/>\nejemplo:<br \/>\nRedsys Servicios de Procesamiento, S.L. (\u201cRedsys\u201d), con domicilio en Madrid, calle Francisco<br \/>\nSancha, n\u00famero 12, y con C.I.F. n\u00famero B-85955367, que cumple \u00edntegramente con la legislaci\u00f3n<br \/>\nvigente en materia de protecci\u00f3n de datos de car\u00e1cter personal y con los compromisos de<br \/>\nconfidencialidad propios de su actividad. Redsys ha adoptado las medidas t\u00e9cnicas necesarias para<br \/>\nmantener el nivel de seguridad requerido. Puede ver su pol\u00edtica de privacidad en<br \/>\nhttps:www.redsys.es\/legal\/20180223_politica_de_privacidad_web_publica_redsys.pdf<br \/>\nPayPal (Europe) S.\u00e0.r.l. et Cie, S.C.A. (R.C.S. Luxembourg B 118 349), cuya pol\u00edtica de privacidad<br \/>\nestablece las medidas de seguridad adecuadas para el correcto tratamiento de los datos personales de los<br \/>\nusuarios. Puede ver su pol\u00edtica de privacidad en<br \/>\nhttps:\/\/www.paypal.com\/es\/webapps\/mpp\/ua\/privacy-full?locale.x=es_ES#1<br \/>\nPara los casos en los que la comunicaci\u00f3n de datos a terceros no est\u00e9 amparada en las bases legales<br \/>\nestablecidas en el apartado anterior, la comunicaci\u00f3n de datos a otros destinatarios s\u00f3lo se realizar\u00e1 si<br \/>\nel usuario ha dado su consentimiento expreso.<br \/>\nPol\u00edtica de privacidad de HERMANDAD DE LA JUVENTUD<\/p>\n<p>Se mantienen unos criterios estrictos de selecci\u00f3n de encargados de tratamiento y el compromiso<br \/>\ncontractual con cada uno de ellos para cumplir y hacer cumplir las obligaciones establecidas en materia de<br \/>\nprotecci\u00f3n de datos.<br \/>\nEn el caso de que existan transferencias internacionales de datos HERMANDAD DE LA JUVENTUD<br \/>\ngarantizar\u00e1 que la transferencia de sus datos personales se realiza de conformidad con las leyes de<br \/>\nprivacidad aplicables y, en particular, que se apliquen las medidas contractuales, t\u00e9cnicas y organizativas<br \/>\nnecesarias, como las cla\u00fasulas contractuales est\u00e1ndar aprobadas por la Comisi\u00f3n Europea.<br \/>\nPuede obtener m\u00e1s informaci\u00f3n sobre el tratamiento de los datos personales de nuestra organizaci\u00f3n<br \/>\nsolicit\u00e1ndola en el mail: HERMANDAD@JUVENTUDYNAZARET.ES o accediendo a trav\u00e9s del siguiente<br \/>\nenlace:<br \/>\nhttps:\/\/www.accesousuario.com\/protecciondedatos\/rgpd\/informacion_consentimientoAPI.php?codEmpresa=33005<br \/>\nMedidas t\u00e9cnicas y organizativas de protecci\u00f3n de datos<br \/>\nLos soportes cuentan con las medidas t\u00e9cnicas y organizativas necesarias que garantizan la<br \/>\nconfidencialidad y la conservaci\u00f3n de los datos personales obtenidos a trav\u00e9s de la web.<br \/>\nLos datos personales recabados desde la web son tratados mediante protocolo HTML con certificado SSL<br \/>\nv\u00e1lido.<br \/>\nEl personal implicado en las operaciones de tratamiento de datos: acceso, edici\u00f3n, borrado, etc\u2026 est\u00e1<br \/>\ncapacitado para ello, formado y comprometido con esta pol\u00edtica de protecci\u00f3n de datos.<br \/>\nConservaci\u00f3n de los datos<br \/>\nLos datos de car\u00e1cter personal obtenidos a trav\u00e9s del formulario de contacto ser\u00e1n conservados el<br \/>\ntiempo necesario para atender la solicitud\/consulta realizada.<br \/>\nLos datos de car\u00e1cter personal obtenidos a trav\u00e9s del formulario de pedidos ser\u00e1n conservados<br \/>\nmientras exista una relaci\u00f3n contractual y\/o comercial con usted o mientras usted no ejerza su derecho de<br \/>\nsupresi\u00f3n, cancelaci\u00f3n y\/o limitaci\u00f3n del tratamiento de sus datos.<br \/>\nVencida la relaci\u00f3n contractual mantendremos la informaci\u00f3n debidamente bloqueada, sin darle ning\u00fan<br \/>\nuso, mientras pueda ser necesaria para el ejercicio o defensa de reclamaciones o pueda derivarse alg\u00fan<br \/>\ntipo de responsabilidad judicial, legal o contractual de su tratamiento, que deba ser atendida y para lo cual<br \/>\nsea necesaria su recuperaci\u00f3n.<br \/>\nEn caso que haya aceptado expresamente el env\u00edo de informaci\u00f3n comercial conservaremos sus datos<br \/>\nPol\u00edtica de privacidad de HERMANDAD DE LA JUVENTUD<\/p>\n<p>de contacto hasta que usted nos comunique su decisi\u00f3n de anular dichos env\u00edos comerciales.<br \/>\nInformaci\u00f3n sobre la existencia de decisiones automatizadas ( incluida la elaboraci\u00f3n de perfiles)<br \/>\nNormalmente no adoptamos decisiones autom\u00e1ticas, pero cuanto lo hagamos dejaremos claro que se<br \/>\nest\u00e1 adoptando ese tipo de decisi\u00f3n. No obstante, HERMANDAD DE LA JUVENTUD recoge varios<br \/>\napartados dedicados a la personalizaci\u00f3n de servicios a fin de mostrar publicidad personalizada al<br \/>\ningresar en su sitio Web y tambi\u00e9n para el env\u00edo de comunicaciones personalizadas.<br \/>\nHERMANDAD DE LA JUVENTUD reconoce la posibilidad de la realizaci\u00f3n de perfiles para mejorar su<br \/>\noferta de productos o personalizar el env\u00edo de ofertas comerciales o dar un trato m\u00e1s personalizado al<br \/>\ncliente.<br \/>\nOposici\u00f3n a que los datos sean tratados con fines publicitarios<br \/>\nSi diste tu consentimiento para que utilizaran tus datos con fines publicitarios y no deseas seguir<br \/>\nrecibiendo publicidad, puedes revocar el consentimiento prestado en cualquier momento y a trav\u00e9s del<br \/>\nenv\u00edo de un correo electr\u00f3nico a mail del responsable HERMANDAD@JUVENTUDYNAZARET.ES.<br \/>\nCambios en la Pol\u00edtica de Privacidad<br \/>\nEs posible que modifiquemos la informaci\u00f3n contenida en esta Pol\u00edtica de Privacidad y Cookies cuando<br \/>\nlo estimemos conveniente. En caso de que lo hagamos, te lo notificaremos por distintas v\u00edas a trav\u00e9s<br \/>\nde la Plataforma (por ejemplo, a trav\u00e9s de un banner, un pop-up o una notificaci\u00f3n push), o incluso te lo<br \/>\ncomunicaremos a tu direcci\u00f3n de correo electr\u00f3nico cuando el cambio en cuesti\u00f3n sea significativo para<br \/>\ncon tu privacidad, de manera que puedas revisar los cambios, valorarlos y, en su caso, oponerte o darte de<br \/>\nbaja en alg\u00fan servicio o funcionalidad. En cualquier caso, te sugerimos que revises esta Pol\u00edtica de<br \/>\nPrivacidad y Cookies de vez en cuando por si hubiera cambios menores o introducimos alguna mejora<br \/>\ninteractiva<\/p>\n<p>AVISO LEGAL<br \/>\nPropiedad intelectual e industrial<br \/>\nEl dise\u00f1o del portal y sus c\u00f3digos fuente, as\u00ed como los logos, marcas y dem\u00e1s signos distintivos que<br \/>\naparecen en el mismo pertenecen a (HERMANDAD DE LA JUVENTUD) y est\u00e1n protegidos por los<br \/>\ncorrespondientes derechos de propiedad intelectual e industrial.<br \/>\nResponsabilidad de los contenidos<br \/>\nHERMANDAD DE LA JUVENTUD no se hace responsable de la legalidad de otros sitios web de terceros<br \/>\ndesde los que pueda accederse al portal. Tampoco responde por la legalidad de otros sitios web de<br \/>\nterceros, que pudieran estar vinculados o enlazados desde este portal.<br \/>\nHERMANDAD DE LA JUVENTUD no ser\u00e1 responsable del uso que terceros hagan de la informaci\u00f3n<br \/>\npublicada en el portal, ni tampoco de los da\u00f1os sufridos o p\u00e9rdidas econ\u00f3micas que, de forma directa<br \/>\no indirecta, produzcan o puedan producir perjuicios econ\u00f3micos, materiales o sobre datos, provocados<br \/>\nPol\u00edtica de privacidad de HERMANDAD DE LA JUVENTUD<\/p>\n<p>por el uso de dicha informaci\u00f3n.<br \/>\nReproducci\u00f3n de contenidos<br \/>\nEn virtud de lo dispuesto en la Ley de Propiedad Intelectual quedan expresamente prohibidas la<br \/>\nreproducci\u00f3n, la distribuci\u00f3n y la comunicaci\u00f3n p\u00fablica de la totalidad o parte de los contenidos de esta<br \/>\np\u00e1gina web, con fines comerciales en cualquier soporte, y por cualquier medio t\u00e9cnico, sin la<br \/>\nautorizaci\u00f3n de HERMANDAD DE LA JUVENTUD.<br \/>\nLey aplicable<br \/>\nHERMANDAD DE LA JUVENTUD se reserva la facultad de presentar las acciones civiles o penales que<br \/>\nconsidere necesaria por la utilizaci\u00f3n indebida del sitio Web y contenidos, o por el incumplimiento de las<br \/>\npresentes condiciones.<br \/>\nLa relaci\u00f3n entre el usuario y HERMANDAD DE LA JUVENTUD se regir\u00e1 por la normativa vigente y de<br \/>\naplicaci\u00f3n en el territorio nacional. De surgir cualquier controversia en relaci\u00f3n a la interpretaci\u00f3n y\/o a<br \/>\nla aplicaci\u00f3n de estas condiciones, las partes someter\u00e1n los conflictos a la jurisdicci\u00f3n ordinaria,<br \/>\nsometi\u00e9ndose a los Jueces y Tribunales que correspondan conforme a Derecho.<br \/>\nAs\u00ed mismo le informamos que dispone de un procedimiento de resoluci\u00f3n extrajudicial de controversias<br \/>\ngratuito y accesible a todos los ciudadanos, se trata de la plataforma de resoluci\u00f3n de litigios en l\u00ednea de<br \/>\nla Uni\u00f3n Europea, accesible a trav\u00e9s del siguiente enlace<br \/>\nhttps:\/\/ec.europa.eu\/consumers\/odr\/main\/?event=main.home2.show.<br \/>\nCookies<br \/>\nEn el caso de emplear tecnolog\u00eda \u201ccookie\u201d en la web, dispone de un apartado concreto que le<br \/>\ninforma sobre su existencia as\u00ed como de su pol\u00edtica de uso. Consulte el apartado \u201cpol\u00edtica de<br \/>\ncookies\u201d.<br \/>\nEn caso contrario, no se emplean cookies de navegaci\u00f3n.<br \/>\nDatos personales de menores<br \/>\nEsta p\u00e1gina web no est\u00e1 dirigida a usuarios menores de edad. Si usted es menor de edad, por favor no<br \/>\nintente registrarse como usuario. Si descubrimos que por error hemos obtenido informaci\u00f3n personal de<br \/>\nun menor, eliminaremos dicha informaci\u00f3n lo antes posible.<br \/>\nEjercicio de los derechos de protecci\u00f3n de datos<br \/>\nDe acuerdo con los derechos que confiere la normativa vigente en materia de protecci\u00f3n de datos de<br \/>\ncar\u00e1cter personal, el usuario podr\u00e1 ejercer los derechos de acceso, rectificaci\u00f3n, limitaci\u00f3n de<br \/>\ntratamiento, supresi\u00f3n, portabilidad y oposici\u00f3n al tratamiento de sus datos dirigiendo su petici\u00f3n a la<br \/>\ndirecci\u00f3n postal indicada o al correo electr\u00f3nico HERMANDAD@JUVENTUDYNAZARET.ES.<br \/>\nPara el ejercicio de los derechos deber\u00e1 identificarse mediante la presentaci\u00f3n de su DNI.<br \/>\nPol\u00edtica de privacidad de HERMANDAD DE LA JUVENTUD<\/p>\n<p>Para cualquier reclamaci\u00f3n puede dirigirse al mismo correo indicado. Igualmente podr\u00e1 dirigirse a la<br \/>\nAgencia Espa\u00f1ola de Protecci\u00f3n de Datos: www.aepd.es<\/p>\n","protected":false},"excerpt":{"rendered":"<p>Informaci\u00f3n del titular de la web HERMANDAD DE LA JUVENTUD con domicilio en C\/ ARCIPRESTE FERN\u00c1NDEZ CASADO, 7, MONTILLA (C\u00d3RDOBA),<\/p>\n","protected":false},"author":1,"featured_media":0,"parent":0,"menu_order":0,"comment_status":"closed","ping_status":"closed","template":"","meta":{"colormag_page_container_layout":"default_layout","colormag_page_sidebar_layout":"default_layout","footnotes":""},"class_list":["post-918","page","type-page","status-publish","hentry"],"_links":{"self":[{"href":"https:\/\/juventudynazaret.es\/wp\/wp-json\/wp\/v2\/pages\/918","targetHints":{"allow":["GET"]}}],"collection":[{"href":"https:\/\/juventudynazaret.es\/wp\/wp-json\/wp\/v2\/pages"}],"about":[{"href":"https:\/\/juventudynazaret.es\/wp\/wp-json\/wp\/v2\/types\/page"}],"author":[{"embeddable":true,"href":"https:\/\/juventudynazaret.es\/wp\/wp-json\/wp\/v2\/users\/1"}],"replies":[{"embeddable":true,"href":"https:\/\/juventudynazaret.es\/wp\/wp-json\/wp\/v2\/comments?post=918"}],"version-history":[{"count":2,"href":"https:\/\/juventudynazaret.es\/wp\/wp-json\/wp\/v2\/pages\/918\/revisions"}],"predecessor-version":[{"id":1505,"href":"https:\/\/juventudynazaret.es\/wp\/wp-json\/wp\/v2\/pages\/918\/revisions\/1505"}],"wp:attachment":[{"href":"https:\/\/juventudynazaret.es\/wp\/wp-json\/wp\/v2\/media?parent=918"}],"curies":[{"name":"wp","href":"https:\/\/api.w.org\/{rel}","templated":true}]}}